{"id":21,"date":"2021-10-21T10:12:59","date_gmt":"2021-10-21T10:12:59","guid":{"rendered":"https:\/\/mentacleanpro.hu\/?page_id=21"},"modified":"2025-02-09T17:26:19","modified_gmt":"2025-02-09T16:26:19","slug":"szolgaltatasok","status":"publish","type":"page","link":"https:\/\/mentacleanpro.hu\/?page_id=21","title":{"rendered":"Szolg\u00e1ltat\u00e1sok"},"content":{"rendered":"<p>[et_pb_section fb_built=&#8221;1&#8243; disabled_on=&#8221;on|off|off&#8221; admin_label=&#8221;Our Services&#8221; _builder_version=&#8221;4.14.3&#8243; background_image=&#8221;https:\/\/mentacleanpro.hu\/wp-content\/uploads\/2025\/02\/Copy-of-honlap4-12.png&#8221; custom_padding=&#8221;52px|0px|100px|0px||&#8221; saved_tabs=&#8221;all&#8221; global_colors_info=&#8221;{}&#8221;][et_pb_row admin_label=&#8221;Title Row&#8221; _builder_version=&#8221;4.14.3&#8243; global_colors_info=&#8221;{}&#8221;][et_pb_column type=&#8221;4_4&#8243; _builder_version=&#8221;3.25&#8243; custom_padding=&#8221;|||&#8221; global_colors_info=&#8221;{}&#8221; custom_padding__hover=&#8221;|||&#8221;][et_pb_text admin_label=&#8221;Title&#8221; _builder_version=&#8221;4.14.3&#8243; text_font=&#8221;Ubuntu||||||||&#8221; text_text_color=&#8221;#8300E9&#8243; text_line_height=&#8221;1.8em&#8221; header_font=&#8221;||||||||&#8221; header_2_font=&#8221;Roboto Condensed|700|||||||&#8221; header_2_font_size=&#8221;45px&#8221; header_2_line_height=&#8221;1.4em&#8221; background_color=&#8221;#FFFFFF&#8221; text_orientation=&#8221;center&#8221; max_width=&#8221;517px&#8221; module_alignment=&#8221;center&#8221; custom_margin=&#8221;|793px||119px||&#8221; custom_padding=&#8221;7px|2px||4px|false|false&#8221; filter_opacity=&#8221;80%&#8221; border_radii=&#8221;off|30px||30px|&#8221; box_shadow_style=&#8221;preset2&#8243; box_shadow_horizontal=&#8221;15px&#8221; box_shadow_vertical=&#8221;15px&#8221; global_colors_info=&#8221;{}&#8221;]<\/p>\n<h2>Szolg\u00e1ltat\u00e1sok<\/h2>\n<p>[\/et_pb_text][\/et_pb_column][\/et_pb_row][et_pb_row column_structure=&#8221;1_4,1_4,1_4,1_4&#8243; make_equal=&#8221;on&#8221; admin_label=&#8221;Services&#8221; _builder_version=&#8221;4.14.3&#8243; min_height=&#8221;248.7px&#8221; custom_margin=&#8221;|auto|18px|auto||&#8221; custom_padding=&#8221;||0px|||&#8221; locked=&#8221;off&#8221; global_colors_info=&#8221;{}&#8221;][et_pb_column type=&#8221;1_4&#8243; _builder_version=&#8221;3.25&#8243; custom_padding=&#8221;|||&#8221; global_colors_info=&#8221;{}&#8221; custom_padding__hover=&#8221;|||&#8221;][et_pb_blurb title=&#8221;motorcs\u00f3nak \u00e9s vitorl\u00e1shaj\u00f3 takar\u00edt\u00e1s&#8221; url=&#8221;https:\/\/mentacleanpro.hu\/?page_id=1553&#8243; use_icon=&#8221;on&#8221; image_icon_width=&#8221;70%&#8221; admin_label=&#8221;Service&#8221; _builder_version=&#8221;4.14.3&#8243; header_font=&#8221;Roboto Condensed|700|||||||&#8221; header_text_align=&#8221;center&#8221; header_font_size=&#8221;24px&#8221; header_line_height=&#8221;1.4em&#8221; body_font=&#8221;Ubuntu||||||||&#8221; body_text_align=&#8221;center&#8221; body_text_color=&#8221;rgba(255,255,255,0.7)&#8221; body_line_height=&#8221;1.8em&#8221; background_color=&#8221;#52bec8&#8243; background_layout=&#8221;dark&#8221; custom_margin=&#8221;||-58px|||&#8221; custom_padding=&#8221;47px|13px|47px|13px|true|true&#8221; animation_style=&#8221;fold&#8221; animation=&#8221;off&#8221; hover_enabled=&#8221;0&#8243; border_radii=&#8221;off|60px||60px|&#8221; box_shadow_style=&#8221;preset2&#8243; box_shadow_horizontal=&#8221;15px&#8221; box_shadow_vertical=&#8221;15px&#8221; global_colors_info=&#8221;{}&#8221; sticky_enabled=&#8221;0&#8243;][\/et_pb_blurb][\/et_pb_column][et_pb_column type=&#8221;1_4&#8243; _builder_version=&#8221;3.25&#8243; custom_padding=&#8221;|||&#8221; global_colors_info=&#8221;{}&#8221; custom_padding__hover=&#8221;|||&#8221;][et_pb_blurb title=&#8221;kik\u00f6t\u0151 takar\u00edt\u00e1s, \u00e1llagmeg\u00f3v\u00e1s \u00e9s \u00fczemeltet\u00e9s&#8221; url=&#8221;https:\/\/mentacleanpro.hu\/?page_id=1553&#8243; use_icon=&#8221;on&#8221; image_icon_width=&#8221;70%&#8221; admin_label=&#8221;Service&#8221; _builder_version=&#8221;4.14.3&#8243; header_font=&#8221;Roboto Condensed|700|||||||&#8221; header_text_align=&#8221;center&#8221; header_font_size=&#8221;24px&#8221; header_line_height=&#8221;1.4em&#8221; body_font=&#8221;Ubuntu||||||||&#8221; body_text_align=&#8221;center&#8221; body_text_color=&#8221;rgba(255,255,255,0.7)&#8221; body_line_height=&#8221;1.8em&#8221; background_color=&#8221;#1d71b8&#8243; background_layout=&#8221;dark&#8221; min_height=&#8221;64px&#8221; custom_margin=&#8221;||42px|||&#8221; custom_padding=&#8221;56px|1px|32px|1px|false|true&#8221; animation_style=&#8221;fold&#8221; animation=&#8221;off&#8221; border_radii=&#8221;off|60px||60px|&#8221; box_shadow_style=&#8221;preset2&#8243; box_shadow_horizontal=&#8221;15px&#8221; box_shadow_vertical=&#8221;15px&#8221; global_colors_info=&#8221;{}&#8221;][\/et_pb_blurb][\/et_pb_column][et_pb_column type=&#8221;1_4&#8243; _builder_version=&#8221;3.25&#8243; custom_padding=&#8221;|||&#8221; global_colors_info=&#8221;{}&#8221; custom_padding__hover=&#8221;|||&#8221;][et_pb_blurb title=&#8221;oktat\u00e1si-, \u00e9s egy\u00e9b int\u00e9zm\u00e9nyek takar\u00edt\u00e1sa&#8221; url=&#8221;https:\/\/mentacleanpro.hu\/?page_id=48&#8243; use_icon=&#8221;on&#8221; icon_color=&#8221;RGBA(255,255,255,0)&#8221; image_icon_width=&#8221;70%&#8221; admin_label=&#8221;Service&#8221; _builder_version=&#8221;4.14.3&#8243; header_font=&#8221;Roboto Condensed|700|||||||&#8221; header_text_align=&#8221;center&#8221; header_font_size=&#8221;24px&#8221; header_line_height=&#8221;1.4em&#8221; body_font=&#8221;Ubuntu||||||||&#8221; body_text_align=&#8221;center&#8221; body_text_color=&#8221;rgba(255,255,255,0.7)&#8221; body_line_height=&#8221;1.8em&#8221; background_color=&#8221;#662483&#8243; background_layout=&#8221;dark&#8221; min_height=&#8221;198.4px&#8221; custom_padding=&#8221;60px|2px|0px|2px|false|true&#8221; animation_style=&#8221;fold&#8221; animation=&#8221;off&#8221; border_radii=&#8221;off|60px||60px|&#8221; global_colors_info=&#8221;{}&#8221;][\/et_pb_blurb][\/et_pb_column][et_pb_column type=&#8221;1_4&#8243; _builder_version=&#8221;3.25&#8243; custom_padding=&#8221;|||&#8221; global_colors_info=&#8221;{}&#8221; custom_padding__hover=&#8221;|||&#8221;][et_pb_blurb title=&#8221;int\u00e9zm\u00e9nyi z\u00f6ldter\u00fcletek karbantart\u00e1sa&#8221; url=&#8221;https:\/\/mentacleanpro.hu\/?page_id=29&#8243; use_icon=&#8221;on&#8221; icon_color=&#8221;#2E642F&#8221; image_icon_width=&#8221;70%&#8221; admin_label=&#8221;Service&#8221; _builder_version=&#8221;4.14.3&#8243; header_font=&#8221;Roboto Condensed|700|||||||&#8221; header_text_align=&#8221;center&#8221; header_font_size=&#8221;24px&#8221; header_line_height=&#8221;1.4em&#8221; body_font=&#8221;Ubuntu||||||||&#8221; body_text_align=&#8221;center&#8221; body_text_color=&#8221;rgba(255,255,255,0.7)&#8221; body_line_height=&#8221;1.8em&#8221; background_color=&#8221;#1A642C&#8221; background_layout=&#8221;dark&#8221; min_height=&#8221;198.4px&#8221; custom_padding=&#8221;60px|2px|0px|2px|false|true&#8221; animation_style=&#8221;fold&#8221; animation=&#8221;off&#8221; border_radii=&#8221;off|60px||60px|&#8221; locked=&#8221;off&#8221; global_colors_info=&#8221;{}&#8221;][\/et_pb_blurb][\/et_pb_column][\/et_pb_row][\/et_pb_section][et_pb_section fb_built=&#8221;1&#8243; disabled_on=&#8221;off|on|on&#8221; admin_label=&#8221;Our Services&#8221; _builder_version=&#8221;4.14.3&#8243; background_image=&#8221;https:\/\/mentacleanpro.hu\/wp-content\/uploads\/2025\/01\/bollard-19604_1920.jpg&#8221; custom_padding=&#8221;15px|0px|100px|0px||&#8221; saved_tabs=&#8221;all&#8221; global_colors_info=&#8221;{}&#8221;][et_pb_row admin_label=&#8221;Title Row&#8221; _builder_version=&#8221;3.25&#8243; custom_padding=&#8221;14px|||||&#8221; global_colors_info=&#8221;{}&#8221;][et_pb_column type=&#8221;4_4&#8243; _builder_version=&#8221;3.25&#8243; custom_padding=&#8221;|||&#8221; global_colors_info=&#8221;{}&#8221; custom_padding__hover=&#8221;|||&#8221;][et_pb_blurb title=&#8221;szolg\u00e1ltat\u00e1sok&#8221; url=&#8221;https:\/\/mentacleanpro.hu\/?page_id=48&#8243; use_icon=&#8221;on&#8221; icon_color=&#8221;RGBA(255,255,255,0)&#8221; image_icon_width=&#8221;70%&#8221; content_max_width=&#8221;523px&#8221; admin_label=&#8221;Service&#8221; _builder_version=&#8221;4.14.3&#8243; header_font=&#8221;Roboto Condensed|700|||||||&#8221; header_text_align=&#8221;center&#8221; header_font_size=&#8221;24px&#8221; header_line_height=&#8221;1.4em&#8221; body_font=&#8221;Ubuntu||||||||&#8221; body_text_align=&#8221;center&#8221; body_text_color=&#8221;#FFFFFF&#8221; body_line_height=&#8221;1.8em&#8221; background_color=&#8221;#FFFFFF&#8221; width=&#8221;100%&#8221; module_alignment=&#8221;center&#8221; min_height=&#8221;70px&#8221; height=&#8221;70px&#8221; max_height=&#8221;96px&#8221; custom_margin=&#8221;|23px||||&#8221; custom_padding=&#8221;22px|2px|0px|2px|false|true&#8221; filter_opacity=&#8221;60%&#8221; animation_style=&#8221;fold&#8221; animation=&#8221;off&#8221; border_radii=&#8221;off|40px||40px|&#8221; box_shadow_style=&#8221;preset2&#8243; box_shadow_horizontal=&#8221;15px&#8221; box_shadow_vertical=&#8221;15px&#8221; locked=&#8221;off&#8221; global_colors_info=&#8221;{}&#8221;][\/et_pb_blurb][\/et_pb_column][\/et_pb_row][et_pb_row column_structure=&#8221;1_4,1_4,1_4,1_4&#8243; make_equal=&#8221;on&#8221; admin_label=&#8221;Services&#8221; _builder_version=&#8221;4.14.3&#8243; min_height=&#8221;248.7px&#8221; custom_margin=&#8221;|auto|18px|auto||&#8221; custom_padding=&#8221;||0px|||&#8221; locked=&#8221;off&#8221; global_colors_info=&#8221;{}&#8221;][et_pb_column type=&#8221;1_4&#8243; _builder_version=&#8221;3.25&#8243; custom_padding=&#8221;|||&#8221; global_colors_info=&#8221;{}&#8221; custom_padding__hover=&#8221;|||&#8221;][et_pb_blurb title=&#8221;motorcs\u00f3nak \u00e9s vitorl\u00e1shaj\u00f3 takar\u00edt\u00e1sa&#8221; url=&#8221;https:\/\/mentacleanpro.hu\/?page_id=1553&#8243; use_icon=&#8221;on&#8221; icon_color=&#8221;RGBA(255,255,255,0)&#8221; image_icon_width=&#8221;70%&#8221; admin_label=&#8221;Service&#8221; _builder_version=&#8221;4.14.3&#8243; header_font=&#8221;Roboto Condensed|700|||||||&#8221; header_text_align=&#8221;center&#8221; header_font_size=&#8221;24px&#8221; header_line_height=&#8221;1.4em&#8221; body_font=&#8221;Ubuntu||||||||&#8221; body_text_align=&#8221;center&#8221; body_text_color=&#8221;rgba(255,255,255,0.7)&#8221; body_line_height=&#8221;1.8em&#8221; background_color=&#8221;#52bec8&#8243; background_layout=&#8221;dark&#8221; min_height=&#8221;198.4px&#8221; custom_padding=&#8221;60px|2px|0px|2px|false|true&#8221; animation_style=&#8221;fold&#8221; animation=&#8221;off&#8221; hover_enabled=&#8221;0&#8243; border_radii=&#8221;off|60px||60px|&#8221; box_shadow_style=&#8221;preset2&#8243; box_shadow_horizontal=&#8221;15px&#8221; box_shadow_vertical=&#8221;15px&#8221; locked=&#8221;off&#8221; global_colors_info=&#8221;{}&#8221; sticky_enabled=&#8221;0&#8243;][\/et_pb_blurb][\/et_pb_column][et_pb_column type=&#8221;1_4&#8243; _builder_version=&#8221;3.25&#8243; custom_padding=&#8221;|||&#8221; global_colors_info=&#8221;{}&#8221; custom_padding__hover=&#8221;|||&#8221;][et_pb_blurb title=&#8221;kik\u00f6t\u0151k takar\u00edt\u00e1sa \u00e9s \u00e1llagmeg\u00f3v\u00e1sa, \u00fczemeltet\u00e9se&#8221; url=&#8221;https:\/\/mentacleanpro.hu\/?page_id=1553&#8243; use_icon=&#8221;on&#8221; icon_color=&#8221;RGBA(255,255,255,0)&#8221; image_icon_width=&#8221;70%&#8221; admin_label=&#8221;Service&#8221; _builder_version=&#8221;4.14.3&#8243; header_font=&#8221;Roboto Condensed|700|||||||&#8221; header_text_align=&#8221;center&#8221; header_font_size=&#8221;24px&#8221; header_line_height=&#8221;1.4em&#8221; body_font=&#8221;Ubuntu||||||||&#8221; body_text_align=&#8221;center&#8221; body_text_color=&#8221;rgba(255,255,255,0.7)&#8221; body_line_height=&#8221;1.8em&#8221; background_color=&#8221;#1d71b8&#8243; background_layout=&#8221;dark&#8221; min_height=&#8221;198.4px&#8221; custom_padding=&#8221;60px|2px|0px|2px|false|true&#8221; animation_style=&#8221;fold&#8221; animation=&#8221;off&#8221; hover_enabled=&#8221;0&#8243; border_radii=&#8221;off|60px||60px|&#8221; box_shadow_style=&#8221;preset2&#8243; box_shadow_horizontal=&#8221;15px&#8221; box_shadow_vertical=&#8221;15px&#8221; locked=&#8221;off&#8221; global_colors_info=&#8221;{}&#8221; sticky_enabled=&#8221;0&#8243;][\/et_pb_blurb][\/et_pb_column][et_pb_column type=&#8221;1_4&#8243; _builder_version=&#8221;3.25&#8243; custom_padding=&#8221;|||&#8221; global_colors_info=&#8221;{}&#8221; custom_padding__hover=&#8221;|||&#8221;][et_pb_blurb title=&#8221;oktat\u00e1si-, \u00e9s egy\u00e9b int\u00e9zm\u00e9nyek takar\u00edt\u00e1sa&#8221; url=&#8221;https:\/\/mentacleanpro.hu\/?page_id=48&#8243; use_icon=&#8221;on&#8221; icon_color=&#8221;RGBA(255,255,255,0)&#8221; image_icon_width=&#8221;70%&#8221; admin_label=&#8221;Service&#8221; _builder_version=&#8221;4.14.3&#8243; header_font=&#8221;Roboto Condensed|700|||||||&#8221; header_text_align=&#8221;center&#8221; header_font_size=&#8221;24px&#8221; header_line_height=&#8221;1.4em&#8221; body_font=&#8221;Ubuntu||||||||&#8221; body_text_align=&#8221;center&#8221; body_text_color=&#8221;rgba(255,255,255,0.7)&#8221; body_line_height=&#8221;1.8em&#8221; background_color=&#8221;#662483&#8243; background_layout=&#8221;dark&#8221; min_height=&#8221;198.4px&#8221; custom_padding=&#8221;60px|2px|0px|2px|false|true&#8221; animation_style=&#8221;fold&#8221; animation=&#8221;off&#8221; border_radii=&#8221;off|60px||60px|&#8221; box_shadow_style=&#8221;preset2&#8243; box_shadow_horizontal=&#8221;15px&#8221; box_shadow_vertical=&#8221;15px&#8221; global_colors_info=&#8221;{}&#8221;][\/et_pb_blurb][\/et_pb_column][et_pb_column type=&#8221;1_4&#8243; _builder_version=&#8221;3.25&#8243; custom_padding=&#8221;|||&#8221; global_colors_info=&#8221;{}&#8221; custom_padding__hover=&#8221;|||&#8221;][et_pb_blurb title=&#8221;int\u00e9zm\u00e9nyi z\u00f6ldter\u00fcletek karbantart\u00e1sa&#8221; url=&#8221;https:\/\/mentacleanpro.hu\/?page_id=29&#8243; use_icon=&#8221;on&#8221; icon_color=&#8221;#2E642F&#8221; image_icon_width=&#8221;70%&#8221; admin_label=&#8221;Service&#8221; _builder_version=&#8221;4.14.3&#8243; header_font=&#8221;Roboto Condensed|700|||||||&#8221; header_text_align=&#8221;center&#8221; header_font_size=&#8221;24px&#8221; header_line_height=&#8221;1.4em&#8221; body_font=&#8221;Ubuntu||||||||&#8221; body_text_align=&#8221;center&#8221; body_text_color=&#8221;rgba(255,255,255,0.7)&#8221; body_line_height=&#8221;1.8em&#8221; background_color=&#8221;#1A642C&#8221; background_layout=&#8221;dark&#8221; min_height=&#8221;198.4px&#8221; custom_padding=&#8221;60px|2px|0px|2px|false|true&#8221; animation_style=&#8221;fold&#8221; animation=&#8221;off&#8221; border_radii=&#8221;off|60px||60px|&#8221; box_shadow_style=&#8221;preset2&#8243; box_shadow_horizontal=&#8221;15px&#8221; box_shadow_vertical=&#8221;15px&#8221; locked=&#8221;off&#8221; global_colors_info=&#8221;{}&#8221;][\/et_pb_blurb][\/et_pb_column][\/et_pb_row][\/et_pb_section]<\/p>\n","protected":false},"excerpt":{"rendered":"<p>Szolg\u00e1ltat\u00e1sok<\/p>\n","protected":false},"author":1,"featured_media":0,"parent":0,"menu_order":0,"comment_status":"closed","ping_status":"open","template":"","meta":{"_et_pb_use_builder":"on","_et_pb_old_content":"","_et_gb_content_width":"","footnotes":""},"class_list":["post-21","page","type-page","status-publish","hentry"],"_links":{"self":[{"href":"https:\/\/mentacleanpro.hu\/index.php?rest_route=\/wp\/v2\/pages\/21","targetHints":{"allow":["GET"]}}],"collection":[{"href":"https:\/\/mentacleanpro.hu\/index.php?rest_route=\/wp\/v2\/pages"}],"about":[{"href":"https:\/\/mentacleanpro.hu\/index.php?rest_route=\/wp\/v2\/types\/page"}],"author":[{"embeddable":true,"href":"https:\/\/mentacleanpro.hu\/index.php?rest_route=\/wp\/v2\/users\/1"}],"replies":[{"embeddable":true,"href":"https:\/\/mentacleanpro.hu\/index.php?rest_route=%2Fwp%2Fv2%2Fcomments&post=21"}],"version-history":[{"count":35,"href":"https:\/\/mentacleanpro.hu\/index.php?rest_route=\/wp\/v2\/pages\/21\/revisions"}],"predecessor-version":[{"id":2370,"href":"https:\/\/mentacleanpro.hu\/index.php?rest_route=\/wp\/v2\/pages\/21\/revisions\/2370"}],"wp:attachment":[{"href":"https:\/\/mentacleanpro.hu\/index.php?rest_route=%2Fwp%2Fv2%2Fmedia&parent=21"}],"curies":[{"name":"wp","href":"https:\/\/api.w.org\/{rel}","templated":true}]}}